{"id":283,"date":"2019-02-06T16:36:53","date_gmt":"2019-02-06T15:36:53","guid":{"rendered":"http:\/\/ecoraceevent.be\/?page_id=283"},"modified":"2024-09-30T14:55:53","modified_gmt":"2024-09-30T12:55:53","slug":"partenaires","status":"publish","type":"page","link":"https:\/\/ecoraceevent.be\/en\/partenaires\/","title":{"rendered":"Partners"},"content":{"rendered":"<div data-elementor-type=\"wp-post\" data-elementor-id=\"283\" class=\"elementor elementor-283\">\n\t\t\t\t\t\t<section class=\"elementor-section elementor-top-section elementor-element elementor-element-dac45b8 elementor-section-boxed elementor-section-height-default elementor-section-height-default\" data-id=\"dac45b8\" data-element_type=\"section\" data-e-type=\"section\">\n\t\t\t\t\t\t<div class=\"elementor-container elementor-column-gap-default\">\n\t\t\t\t\t<div class=\"elementor-column elementor-col-100 elementor-top-column elementor-element elementor-element-e00c5d1\" data-id=\"e00c5d1\" data-element_type=\"column\" data-e-type=\"column\">\n\t\t\t<div class=\"elementor-widget-wrap elementor-element-populated\">\n\t\t\t\t\t\t<div class=\"elementor-element elementor-element-e92313a elementor-widget elementor-widget-text-editor\" data-id=\"e92313a\" data-element_type=\"widget\" data-e-type=\"widget\" data-widget_type=\"text-editor.default\">\n\t\t\t\t<div class=\"elementor-widget-container\">\n\t\t\t\t\t\t\t\t\t<h1 class=\"Standard\" style=\"text-align: center;\"><span style=\"color: #525252;\"><strong>This event couldn't exist without our partners. Many thanks to these organisations.<\/strong><\/span><\/h1>\t\t\t\t\t\t\t\t<\/div>\n\t\t\t\t<\/div>\n\t\t\t\t\t<\/div>\n\t\t<\/div>\n\t\t\t\t\t<\/div>\n\t\t<\/section>\n\t\t\t\t<section class=\"elementor-section elementor-top-section elementor-element elementor-element-44bb9cb elementor-section-boxed elementor-section-height-default elementor-section-height-default\" data-id=\"44bb9cb\" data-element_type=\"section\" data-e-type=\"section\">\n\t\t\t\t\t\t<div class=\"elementor-container elementor-column-gap-default\">\n\t\t\t\t\t<div class=\"elementor-column elementor-col-100 elementor-top-column elementor-element elementor-element-88a7ab3\" data-id=\"88a7ab3\" data-element_type=\"column\" data-e-type=\"column\">\n\t\t\t<div class=\"elementor-widget-wrap\">\n\t\t\t\t\t\t\t<\/div>\n\t\t<\/div>\n\t\t\t\t\t<\/div>\n\t\t<\/section>\n\t\t\t\t<section class=\"elementor-section elementor-top-section elementor-element elementor-element-b34426f elementor-section-boxed elementor-section-height-default elementor-section-height-default\" data-id=\"b34426f\" data-element_type=\"section\" data-e-type=\"section\">\n\t\t\t\t\t\t<div class=\"elementor-container elementor-column-gap-default\">\n\t\t\t\t\t<div class=\"elementor-column elementor-col-25 elementor-top-column elementor-element elementor-element-4ae3960\" data-id=\"4ae3960\" data-element_type=\"column\" data-e-type=\"column\">\n\t\t\t<div class=\"elementor-widget-wrap elementor-element-populated\">\n\t\t\t\t\t\t<div class=\"elementor-element elementor-element-3f321a2 elementor-widget elementor-widget-image\" data-id=\"3f321a2\" data-element_type=\"widget\" data-e-type=\"widget\" data-widget_type=\"image.default\">\n\t\t\t\t<div class=\"elementor-widget-container\">\n\t\t\t\t\t\t\t\t\t\t\t\t\t\t\t<img fetchpriority=\"high\" decoding=\"async\" width=\"1024\" height=\"724\" src=\"https:\/\/ecoraceevent.be\/wp-content\/uploads\/2021\/06\/A4-heeren-1024x724.jpg\" class=\"attachment-large size-large wp-image-1011\" alt=\"\" srcset=\"https:\/\/ecoraceevent.be\/wp-content\/uploads\/2021\/06\/A4-heeren-1024x724.jpg 1024w, https:\/\/ecoraceevent.be\/wp-content\/uploads\/2021\/06\/A4-heeren-300x212.jpg 300w, https:\/\/ecoraceevent.be\/wp-content\/uploads\/2021\/06\/A4-heeren-768x543.jpg 768w, https:\/\/ecoraceevent.be\/wp-content\/uploads\/2021\/06\/A4-heeren-1528x1080.jpg 1528w, https:\/\/ecoraceevent.be\/wp-content\/uploads\/2021\/06\/A4-heeren.jpg 1754w\" sizes=\"(max-width: 1024px) 100vw, 1024px\" \/>\t\t\t\t\t\t\t\t\t\t\t\t\t\t\t<\/div>\n\t\t\t\t<\/div>\n\t\t\t\t\t<\/div>\n\t\t<\/div>\n\t\t\t\t<div class=\"elementor-column elementor-col-25 elementor-top-column elementor-element elementor-element-d1cde2f\" data-id=\"d1cde2f\" data-element_type=\"column\" data-e-type=\"column\">\n\t\t\t<div class=\"elementor-widget-wrap elementor-element-populated\">\n\t\t\t\t\t\t<div class=\"elementor-element elementor-element-82c7c3f elementor-widget elementor-widget-image\" data-id=\"82c7c3f\" data-element_type=\"widget\" data-e-type=\"widget\" data-widget_type=\"image.default\">\n\t\t\t\t<div class=\"elementor-widget-container\">\n\t\t\t\t\t\t\t\t\t\t\t\t\t\t\t<img decoding=\"async\" width=\"593\" height=\"251\" src=\"https:\/\/ecoraceevent.be\/wp-content\/uploads\/2021\/06\/ZOGGS-logo-brand-blue.jpg\" class=\"attachment-large size-large wp-image-1019\" alt=\"\" srcset=\"https:\/\/ecoraceevent.be\/wp-content\/uploads\/2021\/06\/ZOGGS-logo-brand-blue.jpg 593w, https:\/\/ecoraceevent.be\/wp-content\/uploads\/2021\/06\/ZOGGS-logo-brand-blue-300x127.jpg 300w\" sizes=\"(max-width: 593px) 100vw, 593px\" \/>\t\t\t\t\t\t\t\t\t\t\t\t\t\t\t<\/div>\n\t\t\t\t<\/div>\n\t\t\t\t\t<\/div>\n\t\t<\/div>\n\t\t\t\t<div class=\"elementor-column elementor-col-25 elementor-top-column elementor-element elementor-element-d6fb029\" data-id=\"d6fb029\" data-element_type=\"column\" data-e-type=\"column\">\n\t\t\t<div class=\"elementor-widget-wrap elementor-element-populated\">\n\t\t\t\t\t\t<div class=\"elementor-element elementor-element-c3636e7 elementor-widget elementor-widget-image\" data-id=\"c3636e7\" data-element_type=\"widget\" data-e-type=\"widget\" data-widget_type=\"image.default\">\n\t\t\t\t<div class=\"elementor-widget-container\">\n\t\t\t\t\t\t\t\t\t\t\t\t\t\t\t<img decoding=\"async\" width=\"1024\" height=\"1024\" src=\"https:\/\/ecoraceevent.be\/wp-content\/uploads\/2024\/05\/logoLupulus-01-1024x1024.png\" class=\"attachment-large size-large wp-image-80582\" alt=\"\" srcset=\"https:\/\/ecoraceevent.be\/wp-content\/uploads\/2024\/05\/logoLupulus-01-1024x1024.png 1024w, https:\/\/ecoraceevent.be\/wp-content\/uploads\/2024\/05\/logoLupulus-01-300x300.png 300w, https:\/\/ecoraceevent.be\/wp-content\/uploads\/2024\/05\/logoLupulus-01-150x150.png 150w, https:\/\/ecoraceevent.be\/wp-content\/uploads\/2024\/05\/logoLupulus-01-768x768.png 768w, https:\/\/ecoraceevent.be\/wp-content\/uploads\/2024\/05\/logoLupulus-01-1536x1536.png 1536w, https:\/\/ecoraceevent.be\/wp-content\/uploads\/2024\/05\/logoLupulus-01-12x12.png 12w, https:\/\/ecoraceevent.be\/wp-content\/uploads\/2024\/05\/logoLupulus-01-1080x1080.png 1080w, https:\/\/ecoraceevent.be\/wp-content\/uploads\/2024\/05\/logoLupulus-01.png 1920w\" sizes=\"(max-width: 1024px) 100vw, 1024px\" \/>\t\t\t\t\t\t\t\t\t\t\t\t\t\t\t<\/div>\n\t\t\t\t<\/div>\n\t\t\t\t\t<\/div>\n\t\t<\/div>\n\t\t\t\t<div class=\"elementor-column elementor-col-25 elementor-top-column elementor-element elementor-element-1df89e3\" data-id=\"1df89e3\" data-element_type=\"column\" data-e-type=\"column\">\n\t\t\t<div class=\"elementor-widget-wrap elementor-element-populated\">\n\t\t\t\t\t\t<div class=\"elementor-element elementor-element-583e6b3 elementor-widget elementor-widget-image\" data-id=\"583e6b3\" data-element_type=\"widget\" data-e-type=\"widget\" data-widget_type=\"image.default\">\n\t\t\t\t<div class=\"elementor-widget-container\">\n\t\t\t\t\t\t\t\t\t\t\t\t\t\t\t<img loading=\"lazy\" decoding=\"async\" width=\"213\" height=\"160\" src=\"https:\/\/ecoraceevent.be\/wp-content\/uploads\/2020\/01\/LOGO-TAC-Services.png\" class=\"attachment-large size-large wp-image-913\" alt=\"\" \/>\t\t\t\t\t\t\t\t\t\t\t\t\t\t\t<\/div>\n\t\t\t\t<\/div>\n\t\t\t\t\t<\/div>\n\t\t<\/div>\n\t\t\t\t\t<\/div>\n\t\t<\/section>\n\t\t\t\t<section class=\"elementor-section elementor-top-section elementor-element elementor-element-e2ae773 elementor-section-boxed elementor-section-height-default elementor-section-height-default\" data-id=\"e2ae773\" data-element_type=\"section\" data-e-type=\"section\">\n\t\t\t\t\t\t<div class=\"elementor-container elementor-column-gap-default\">\n\t\t\t\t\t<div class=\"elementor-column elementor-col-25 elementor-top-column elementor-element elementor-element-a702d76\" data-id=\"a702d76\" data-element_type=\"column\" data-e-type=\"column\">\n\t\t\t<div class=\"elementor-widget-wrap elementor-element-populated\">\n\t\t\t\t\t\t<div class=\"elementor-element elementor-element-e7543fd elementor-widget elementor-widget-image\" data-id=\"e7543fd\" data-element_type=\"widget\" data-e-type=\"widget\" data-widget_type=\"image.default\">\n\t\t\t\t<div class=\"elementor-widget-container\">\n\t\t\t\t\t\t\t\t\t\t\t\t\t\t\t<img loading=\"lazy\" decoding=\"async\" width=\"1024\" height=\"610\" src=\"https:\/\/ecoraceevent.be\/wp-content\/uploads\/2021\/11\/Xrun-1024x610.png\" class=\"attachment-large size-large wp-image-1072\" alt=\"\" srcset=\"https:\/\/ecoraceevent.be\/wp-content\/uploads\/2021\/11\/Xrun-1024x610.png 1024w, https:\/\/ecoraceevent.be\/wp-content\/uploads\/2021\/11\/Xrun-300x179.png 300w, https:\/\/ecoraceevent.be\/wp-content\/uploads\/2021\/11\/Xrun-768x457.png 768w, https:\/\/ecoraceevent.be\/wp-content\/uploads\/2021\/11\/Xrun-1814x1080.png 1814w\" sizes=\"(max-width: 1024px) 100vw, 1024px\" \/>\t\t\t\t\t\t\t\t\t\t\t\t\t\t\t<\/div>\n\t\t\t\t<\/div>\n\t\t\t\t\t<\/div>\n\t\t<\/div>\n\t\t\t\t<div class=\"elementor-column elementor-col-25 elementor-top-column elementor-element elementor-element-7de5b12\" data-id=\"7de5b12\" data-element_type=\"column\" data-e-type=\"column\">\n\t\t\t<div class=\"elementor-widget-wrap elementor-element-populated\">\n\t\t\t\t\t\t<div class=\"elementor-element elementor-element-c572139 elementor-widget elementor-widget-image\" data-id=\"c572139\" data-element_type=\"widget\" data-e-type=\"widget\" data-widget_type=\"image.default\">\n\t\t\t\t<div class=\"elementor-widget-container\">\n\t\t\t\t\t\t\t\t\t\t\t\t\t\t\t<img loading=\"lazy\" decoding=\"async\" width=\"1024\" height=\"637\" src=\"https:\/\/ecoraceevent.be\/wp-content\/uploads\/2020\/10\/logo-CDB-avec-typo-sign-painter-1024x637.png\" class=\"attachment-large size-large wp-image-942\" alt=\"\" srcset=\"https:\/\/ecoraceevent.be\/wp-content\/uploads\/2020\/10\/logo-CDB-avec-typo-sign-painter-1024x637.png 1024w, https:\/\/ecoraceevent.be\/wp-content\/uploads\/2020\/10\/logo-CDB-avec-typo-sign-painter-300x187.png 300w, https:\/\/ecoraceevent.be\/wp-content\/uploads\/2020\/10\/logo-CDB-avec-typo-sign-painter-768x478.png 768w, https:\/\/ecoraceevent.be\/wp-content\/uploads\/2020\/10\/logo-CDB-avec-typo-sign-painter.png 1433w\" sizes=\"(max-width: 1024px) 100vw, 1024px\" \/>\t\t\t\t\t\t\t\t\t\t\t\t\t\t\t<\/div>\n\t\t\t\t<\/div>\n\t\t\t\t\t<\/div>\n\t\t<\/div>\n\t\t\t\t<div class=\"elementor-column elementor-col-25 elementor-top-column elementor-element elementor-element-d594ea1\" data-id=\"d594ea1\" data-element_type=\"column\" data-e-type=\"column\">\n\t\t\t<div class=\"elementor-widget-wrap elementor-element-populated\">\n\t\t\t\t\t\t<div class=\"elementor-element elementor-element-afcb340 elementor-widget elementor-widget-image\" data-id=\"afcb340\" data-element_type=\"widget\" data-e-type=\"widget\" data-widget_type=\"image.default\">\n\t\t\t\t<div class=\"elementor-widget-container\">\n\t\t\t\t\t\t\t\t\t\t\t\t\t\t\t<img loading=\"lazy\" decoding=\"async\" width=\"225\" height=\"225\" src=\"https:\/\/ecoraceevent.be\/wp-content\/uploads\/2024\/05\/images.jpeg\" class=\"attachment-large size-large wp-image-80583\" alt=\"\" srcset=\"https:\/\/ecoraceevent.be\/wp-content\/uploads\/2024\/05\/images.jpeg 225w, https:\/\/ecoraceevent.be\/wp-content\/uploads\/2024\/05\/images-150x150.jpeg 150w, https:\/\/ecoraceevent.be\/wp-content\/uploads\/2024\/05\/images-12x12.jpeg 12w\" sizes=\"(max-width: 225px) 100vw, 225px\" \/>\t\t\t\t\t\t\t\t\t\t\t\t\t\t\t<\/div>\n\t\t\t\t<\/div>\n\t\t\t\t\t<\/div>\n\t\t<\/div>\n\t\t\t\t<div class=\"elementor-column elementor-col-25 elementor-top-column elementor-element elementor-element-ad90000\" data-id=\"ad90000\" data-element_type=\"column\" data-e-type=\"column\">\n\t\t\t<div class=\"elementor-widget-wrap elementor-element-populated\">\n\t\t\t\t\t\t<div class=\"elementor-element elementor-element-feacc7c elementor-widget elementor-widget-image\" data-id=\"feacc7c\" data-element_type=\"widget\" data-e-type=\"widget\" data-widget_type=\"image.default\">\n\t\t\t\t<div class=\"elementor-widget-container\">\n\t\t\t\t\t\t\t\t\t\t\t\t\t\t\t<img loading=\"lazy\" decoding=\"async\" width=\"800\" height=\"272\" src=\"https:\/\/ecoraceevent.be\/wp-content\/uploads\/2021\/06\/BELGIAN_TRIATHLON-HORIZONTAL-CMYK.jpg\" class=\"attachment-large size-large wp-image-1013\" alt=\"\" srcset=\"https:\/\/ecoraceevent.be\/wp-content\/uploads\/2021\/06\/BELGIAN_TRIATHLON-HORIZONTAL-CMYK.jpg 800w, https:\/\/ecoraceevent.be\/wp-content\/uploads\/2021\/06\/BELGIAN_TRIATHLON-HORIZONTAL-CMYK-300x102.jpg 300w, https:\/\/ecoraceevent.be\/wp-content\/uploads\/2021\/06\/BELGIAN_TRIATHLON-HORIZONTAL-CMYK-768x261.jpg 768w\" sizes=\"(max-width: 800px) 100vw, 800px\" \/>\t\t\t\t\t\t\t\t\t\t\t\t\t\t\t<\/div>\n\t\t\t\t<\/div>\n\t\t\t\t\t<\/div>\n\t\t<\/div>\n\t\t\t\t\t<\/div>\n\t\t<\/section>\n\t\t\t\t<section class=\"elementor-section elementor-top-section elementor-element elementor-element-b0e6f5a elementor-section-boxed elementor-section-height-default elementor-section-height-default\" data-id=\"b0e6f5a\" data-element_type=\"section\" data-e-type=\"section\">\n\t\t\t\t\t\t<div class=\"elementor-container elementor-column-gap-default\">\n\t\t\t\t\t<div class=\"elementor-column elementor-col-25 elementor-top-column elementor-element elementor-element-3524a32\" data-id=\"3524a32\" data-element_type=\"column\" data-e-type=\"column\">\n\t\t\t<div class=\"elementor-widget-wrap elementor-element-populated\">\n\t\t\t\t\t\t<div class=\"elementor-element elementor-element-de712db elementor-widget elementor-widget-image\" data-id=\"de712db\" data-element_type=\"widget\" data-e-type=\"widget\" data-widget_type=\"image.default\">\n\t\t\t\t<div class=\"elementor-widget-container\">\n\t\t\t\t\t\t\t\t\t\t\t\t\t\t\t<img loading=\"lazy\" decoding=\"async\" width=\"770\" height=\"334\" src=\"https:\/\/ecoraceevent.be\/wp-content\/uploads\/2019\/02\/Logo-Gigi.png\" class=\"attachment-large size-large wp-image-619\" alt=\"\" srcset=\"https:\/\/ecoraceevent.be\/wp-content\/uploads\/2019\/02\/Logo-Gigi.png 770w, https:\/\/ecoraceevent.be\/wp-content\/uploads\/2019\/02\/Logo-Gigi-300x130.png 300w, https:\/\/ecoraceevent.be\/wp-content\/uploads\/2019\/02\/Logo-Gigi-768x333.png 768w\" sizes=\"(max-width: 770px) 100vw, 770px\" \/>\t\t\t\t\t\t\t\t\t\t\t\t\t\t\t<\/div>\n\t\t\t\t<\/div>\n\t\t\t\t<div class=\"elementor-element elementor-element-5e04451 elementor-widget elementor-widget-image\" data-id=\"5e04451\" data-element_type=\"widget\" data-e-type=\"widget\" data-widget_type=\"image.default\">\n\t\t\t\t<div class=\"elementor-widget-container\">\n\t\t\t\t\t\t\t\t\t\t\t\t\t\t\t<img loading=\"lazy\" decoding=\"async\" width=\"720\" height=\"264\" src=\"https:\/\/ecoraceevent.be\/wp-content\/uploads\/2019\/02\/ultratiming.jpg\" class=\"attachment-large size-large wp-image-580\" alt=\"\" srcset=\"https:\/\/ecoraceevent.be\/wp-content\/uploads\/2019\/02\/ultratiming.jpg 720w, https:\/\/ecoraceevent.be\/wp-content\/uploads\/2019\/02\/ultratiming-300x110.jpg 300w\" sizes=\"(max-width: 720px) 100vw, 720px\" \/>\t\t\t\t\t\t\t\t\t\t\t\t\t\t\t<\/div>\n\t\t\t\t<\/div>\n\t\t\t\t\t<\/div>\n\t\t<\/div>\n\t\t\t\t<div class=\"elementor-column elementor-col-25 elementor-top-column elementor-element elementor-element-6eb7362\" data-id=\"6eb7362\" data-element_type=\"column\" data-e-type=\"column\">\n\t\t\t<div class=\"elementor-widget-wrap elementor-element-populated\">\n\t\t\t\t\t\t<div class=\"elementor-element elementor-element-d4517b6 elementor-widget elementor-widget-image\" data-id=\"d4517b6\" data-element_type=\"widget\" data-e-type=\"widget\" data-widget_type=\"image.default\">\n\t\t\t\t<div class=\"elementor-widget-container\">\n\t\t\t\t\t\t\t\t\t\t\t\t\t\t\t<img loading=\"lazy\" decoding=\"async\" width=\"693\" height=\"1024\" src=\"https:\/\/ecoraceevent.be\/wp-content\/uploads\/2021\/06\/LF3_color-693x1024.png\" class=\"attachment-large size-large wp-image-1015\" alt=\"\" srcset=\"https:\/\/ecoraceevent.be\/wp-content\/uploads\/2021\/06\/LF3_color-693x1024.png 693w, https:\/\/ecoraceevent.be\/wp-content\/uploads\/2021\/06\/LF3_color-203x300.png 203w, https:\/\/ecoraceevent.be\/wp-content\/uploads\/2021\/06\/LF3_color-768x1135.png 768w, https:\/\/ecoraceevent.be\/wp-content\/uploads\/2021\/06\/LF3_color-1024x1513.png 1024w, https:\/\/ecoraceevent.be\/wp-content\/uploads\/2021\/06\/LF3_color-731x1080.png 731w, https:\/\/ecoraceevent.be\/wp-content\/uploads\/2021\/06\/LF3_color.png 1179w\" sizes=\"(max-width: 693px) 100vw, 693px\" \/>\t\t\t\t\t\t\t\t\t\t\t\t\t\t\t<\/div>\n\t\t\t\t<\/div>\n\t\t\t\t\t<\/div>\n\t\t<\/div>\n\t\t\t\t<div class=\"elementor-column elementor-col-25 elementor-top-column elementor-element elementor-element-8377a5b\" data-id=\"8377a5b\" data-element_type=\"column\" data-e-type=\"column\">\n\t\t\t<div class=\"elementor-widget-wrap elementor-element-populated\">\n\t\t\t\t\t\t<div class=\"elementor-element elementor-element-db5e667 elementor-widget elementor-widget-image\" data-id=\"db5e667\" data-element_type=\"widget\" data-e-type=\"widget\" data-widget_type=\"image.default\">\n\t\t\t\t<div class=\"elementor-widget-container\">\n\t\t\t\t\t\t\t\t\t\t\t\t\t\t\t<img loading=\"lazy\" decoding=\"async\" width=\"568\" height=\"519\" src=\"https:\/\/ecoraceevent.be\/wp-content\/uploads\/2021\/06\/Adeps.png\" class=\"attachment-large size-large wp-image-1016\" alt=\"\" srcset=\"https:\/\/ecoraceevent.be\/wp-content\/uploads\/2021\/06\/Adeps.png 568w, https:\/\/ecoraceevent.be\/wp-content\/uploads\/2021\/06\/Adeps-300x274.png 300w\" sizes=\"(max-width: 568px) 100vw, 568px\" \/>\t\t\t\t\t\t\t\t\t\t\t\t\t\t\t<\/div>\n\t\t\t\t<\/div>\n\t\t\t\t\t<\/div>\n\t\t<\/div>\n\t\t\t\t<div class=\"elementor-column elementor-col-25 elementor-top-column elementor-element elementor-element-e721bc1\" data-id=\"e721bc1\" data-element_type=\"column\" data-e-type=\"column\">\n\t\t\t<div class=\"elementor-widget-wrap elementor-element-populated\">\n\t\t\t\t\t\t<div class=\"elementor-element elementor-element-0753eb9 elementor-widget elementor-widget-image\" data-id=\"0753eb9\" data-element_type=\"widget\" data-e-type=\"widget\" data-widget_type=\"image.default\">\n\t\t\t\t<div class=\"elementor-widget-container\">\n\t\t\t\t\t\t\t\t\t\t\t\t\t\t\t<img loading=\"lazy\" decoding=\"async\" width=\"300\" height=\"119\" src=\"https:\/\/ecoraceevent.be\/wp-content\/uploads\/2020\/02\/lotto_plain_big.png\" class=\"attachment-large size-large wp-image-924\" alt=\"\" \/>\t\t\t\t\t\t\t\t\t\t\t\t\t\t\t<\/div>\n\t\t\t\t<\/div>\n\t\t\t\t<div class=\"elementor-element elementor-element-53f2204 elementor-widget elementor-widget-image\" data-id=\"53f2204\" data-element_type=\"widget\" data-e-type=\"widget\" data-widget_type=\"image.default\">\n\t\t\t\t<div class=\"elementor-widget-container\">\n\t\t\t\t\t\t\t\t\t\t\t\t\t\t\t<img loading=\"lazy\" decoding=\"async\" width=\"505\" height=\"150\" src=\"https:\/\/ecoraceevent.be\/wp-content\/uploads\/2020\/02\/arena-assurance-sport.jpg\" class=\"attachment-large size-large wp-image-922\" alt=\"\" srcset=\"https:\/\/ecoraceevent.be\/wp-content\/uploads\/2020\/02\/arena-assurance-sport.jpg 505w, https:\/\/ecoraceevent.be\/wp-content\/uploads\/2020\/02\/arena-assurance-sport-300x89.jpg 300w\" sizes=\"(max-width: 505px) 100vw, 505px\" \/>\t\t\t\t\t\t\t\t\t\t\t\t\t\t\t<\/div>\n\t\t\t\t<\/div>\n\t\t\t\t\t<\/div>\n\t\t<\/div>\n\t\t\t\t\t<\/div>\n\t\t<\/section>\n\t\t\t\t<section class=\"elementor-section elementor-top-section elementor-element elementor-element-982f1f8 elementor-section-boxed elementor-section-height-default elementor-section-height-default\" data-id=\"982f1f8\" data-element_type=\"section\" data-e-type=\"section\">\n\t\t\t\t\t\t<div class=\"elementor-container elementor-column-gap-default\">\n\t\t\t\t\t<div class=\"elementor-column elementor-col-16 elementor-top-column elementor-element elementor-element-62e0371\" data-id=\"62e0371\" data-element_type=\"column\" data-e-type=\"column\">\n\t\t\t<div class=\"elementor-widget-wrap\">\n\t\t\t\t\t\t\t<\/div>\n\t\t<\/div>\n\t\t\t\t<div class=\"elementor-column elementor-col-16 elementor-top-column elementor-element elementor-element-f21916a\" data-id=\"f21916a\" data-element_type=\"column\" data-e-type=\"column\">\n\t\t\t<div class=\"elementor-widget-wrap\">\n\t\t\t\t\t\t\t<\/div>\n\t\t<\/div>\n\t\t\t\t<div class=\"elementor-column elementor-col-16 elementor-top-column elementor-element elementor-element-606965e\" data-id=\"606965e\" data-element_type=\"column\" data-e-type=\"column\">\n\t\t\t<div class=\"elementor-widget-wrap\">\n\t\t\t\t\t\t\t<\/div>\n\t\t<\/div>\n\t\t\t\t<div class=\"elementor-column elementor-col-16 elementor-top-column elementor-element elementor-element-085b2f3\" data-id=\"085b2f3\" data-element_type=\"column\" data-e-type=\"column\">\n\t\t\t<div class=\"elementor-widget-wrap\">\n\t\t\t\t\t\t\t<\/div>\n\t\t<\/div>\n\t\t\t\t<div class=\"elementor-column elementor-col-16 elementor-top-column elementor-element elementor-element-93bb71f\" data-id=\"93bb71f\" data-element_type=\"column\" data-e-type=\"column\">\n\t\t\t<div class=\"elementor-widget-wrap\">\n\t\t\t\t\t\t\t<\/div>\n\t\t<\/div>\n\t\t\t\t<div class=\"elementor-column elementor-col-16 elementor-top-column elementor-element elementor-element-c861e2a\" data-id=\"c861e2a\" data-element_type=\"column\" data-e-type=\"column\">\n\t\t\t<div class=\"elementor-widget-wrap\">\n\t\t\t\t\t\t\t<\/div>\n\t\t<\/div>\n\t\t\t\t\t<\/div>\n\t\t<\/section>\n\t\t\t\t<section class=\"elementor-section elementor-top-section elementor-element elementor-element-85464cb elementor-section-boxed elementor-section-height-default elementor-section-height-default\" data-id=\"85464cb\" data-element_type=\"section\" data-e-type=\"section\">\n\t\t\t\t\t\t<div class=\"elementor-container elementor-column-gap-default\">\n\t\t\t\t\t<div class=\"elementor-column elementor-col-100 elementor-top-column elementor-element elementor-element-1b56b43\" data-id=\"1b56b43\" data-element_type=\"column\" data-e-type=\"column\">\n\t\t\t<div class=\"elementor-widget-wrap elementor-element-populated\">\n\t\t\t\t\t\t<div class=\"elementor-element elementor-element-59e3e18 elementor-widget elementor-widget-text-editor\" data-id=\"59e3e18\" data-element_type=\"widget\" data-e-type=\"widget\" data-widget_type=\"text-editor.default\">\n\t\t\t\t<div class=\"elementor-widget-container\">\n\t\t\t\t\t\t\t\t\t<h3 style=\"text-align: center;\"><strong>Do you want to become one?<\/strong><\/h3><h3 style=\"text-align: center;\"><strong>Write to us at info@ecoraceevent.be<\/strong><\/h3>\t\t\t\t\t\t\t\t<\/div>\n\t\t\t\t<\/div>\n\t\t\t\t\t<\/div>\n\t\t<\/div>\n\t\t\t\t\t<\/div>\n\t\t<\/section>\n\t\t\t\t<\/div>","protected":false},"excerpt":{"rendered":"<p>Un \u00e9v\u00e9nement r\u00e9alisable gr\u00e2ce \u00e0 nos partenaires. Merci \u00e0 eux Vous d\u00e9sirez en devenir un ? Ecrivez-nous \u00e0 info@ecoraceevent.be<\/p>","protected":false},"author":1,"featured_media":0,"parent":0,"menu_order":0,"comment_status":"closed","ping_status":"closed","template":"","meta":{"footnotes":""},"class_list":["post-283","page","type-page","status-publish","hentry"],"_links":{"self":[{"href":"https:\/\/ecoraceevent.be\/en\/wp-json\/wp\/v2\/pages\/283","targetHints":{"allow":["GET"]}}],"collection":[{"href":"https:\/\/ecoraceevent.be\/en\/wp-json\/wp\/v2\/pages"}],"about":[{"href":"https:\/\/ecoraceevent.be\/en\/wp-json\/wp\/v2\/types\/page"}],"author":[{"embeddable":true,"href":"https:\/\/ecoraceevent.be\/en\/wp-json\/wp\/v2\/users\/1"}],"replies":[{"embeddable":true,"href":"https:\/\/ecoraceevent.be\/en\/wp-json\/wp\/v2\/comments?post=283"}],"version-history":[{"count":53,"href":"https:\/\/ecoraceevent.be\/en\/wp-json\/wp\/v2\/pages\/283\/revisions"}],"predecessor-version":[{"id":130892,"href":"https:\/\/ecoraceevent.be\/en\/wp-json\/wp\/v2\/pages\/283\/revisions\/130892"}],"wp:attachment":[{"href":"https:\/\/ecoraceevent.be\/en\/wp-json\/wp\/v2\/media?parent=283"}],"curies":[{"name":"wp","href":"https:\/\/api.w.org\/{rel}","templated":true}]}}