{"id":814,"date":"2019-07-13T23:17:42","date_gmt":"2019-07-13T21:17:42","guid":{"rendered":"http:\/\/ecoraceevent.be\/?page_id=814"},"modified":"2026-01-27T17:08:07","modified_gmt":"2026-01-27T16:08:07","slug":"location-gobelets","status":"publish","type":"page","link":"https:\/\/ecoraceevent.be\/en\/location-gobelets\/","title":{"rendered":"Equipment rental"},"content":{"rendered":"<div data-elementor-type=\"wp-post\" data-elementor-id=\"814\" class=\"elementor elementor-814\">\n\t\t\t\t\t\t<section class=\"elementor-section elementor-top-section elementor-element elementor-element-b78f2ea elementor-section-boxed elementor-section-height-default elementor-section-height-default\" data-id=\"b78f2ea\" data-element_type=\"section\" data-e-type=\"section\">\n\t\t\t\t\t\t<div class=\"elementor-container elementor-column-gap-default\">\n\t\t\t\t\t<div class=\"elementor-column elementor-col-100 elementor-top-column elementor-element elementor-element-591f92b\" data-id=\"591f92b\" data-element_type=\"column\" data-e-type=\"column\">\n\t\t\t<div class=\"elementor-widget-wrap elementor-element-populated\">\n\t\t\t\t\t\t<div class=\"elementor-element elementor-element-2cec4d8 elementor-widget elementor-widget-text-editor\" data-id=\"2cec4d8\" data-element_type=\"widget\" data-e-type=\"widget\" data-widget_type=\"text-editor.default\">\n\t\t\t\t<div class=\"elementor-widget-container\">\n\t\t\t\t\t\t\t\t\t<p>EcoRaceEvent offers a rental service for event equipment. The material (excluding cups) must be returned in good order, clean and dry. The amounts shown are exclusive of VAT.<\/p><p>Availability and rental information at info@ecoraceevent.be.\u00a0<\/p><p><b>Combinaison n\u00e9opr\u00e8ne :<\/b><\/p><p>Nous proposons \u00e0 la location pour nos courses des combinaisons sp\u00e9cial Swimrun de la marque Head &#8211; Zoggs au prix de 30\u20ac. En cas d&rsquo;accident, les frais de r\u00e9paration ou de remplacement seront \u00e0 votre charge.<\/p><p>Femme : S &#8211; M &#8211; L<\/p><p>Homme : S &#8211; M &#8211; L<\/p>\t\t\t\t\t\t\t\t<\/div>\n\t\t\t\t<\/div>\n\t\t\t\t\t<\/div>\n\t\t<\/div>\n\t\t\t\t\t<\/div>\n\t\t<\/section>\n\t\t\t\t<section class=\"elementor-section elementor-top-section elementor-element elementor-element-fc00b37 elementor-section-boxed elementor-section-height-default elementor-section-height-default\" data-id=\"fc00b37\" data-element_type=\"section\" data-e-type=\"section\">\n\t\t\t\t\t\t<div class=\"elementor-container elementor-column-gap-default\">\n\t\t\t\t\t<div class=\"elementor-column elementor-col-100 elementor-top-column elementor-element elementor-element-df29e4d\" data-id=\"df29e4d\" data-element_type=\"column\" data-e-type=\"column\">\n\t\t\t<div class=\"elementor-widget-wrap elementor-element-populated\">\n\t\t\t\t\t\t<div class=\"elementor-element elementor-element-bd41331 elementor-widget elementor-widget-image\" data-id=\"bd41331\" data-element_type=\"widget\" data-e-type=\"widget\" data-widget_type=\"image.default\">\n\t\t\t\t<div class=\"elementor-widget-container\">\n\t\t\t\t\t\t\t\t\t\t\t\t\t\t\t<img fetchpriority=\"high\" decoding=\"async\" width=\"1024\" height=\"780\" src=\"https:\/\/ecoraceevent.be\/wp-content\/uploads\/2024\/09\/Tableau-tailles-Head-1024x780.png\" class=\"attachment-large size-large wp-image-130898\" alt=\"\" srcset=\"https:\/\/ecoraceevent.be\/wp-content\/uploads\/2024\/09\/Tableau-tailles-Head-1024x780.png 1024w, https:\/\/ecoraceevent.be\/wp-content\/uploads\/2024\/09\/Tableau-tailles-Head-300x229.png 300w, https:\/\/ecoraceevent.be\/wp-content\/uploads\/2024\/09\/Tableau-tailles-Head-768x585.png 768w, https:\/\/ecoraceevent.be\/wp-content\/uploads\/2024\/09\/Tableau-tailles-Head-16x12.png 16w, https:\/\/ecoraceevent.be\/wp-content\/uploads\/2024\/09\/Tableau-tailles-Head.png 1382w\" sizes=\"(max-width: 1024px) 100vw, 1024px\" \/>\t\t\t\t\t\t\t\t\t\t\t\t\t\t\t<\/div>\n\t\t\t\t<\/div>\n\t\t\t\t\t<\/div>\n\t\t<\/div>\n\t\t\t\t\t<\/div>\n\t\t<\/section>\n\t\t\t\t<section class=\"elementor-section elementor-top-section elementor-element elementor-element-adc22ca elementor-section-boxed elementor-section-height-default elementor-section-height-default\" data-id=\"adc22ca\" data-element_type=\"section\" data-e-type=\"section\">\n\t\t\t\t\t\t<div class=\"elementor-container elementor-column-gap-default\">\n\t\t\t\t\t<div class=\"elementor-column elementor-col-100 elementor-top-column elementor-element elementor-element-8f26b4c\" data-id=\"8f26b4c\" data-element_type=\"column\" data-e-type=\"column\">\n\t\t\t<div class=\"elementor-widget-wrap elementor-element-populated\">\n\t\t\t\t\t\t<div class=\"elementor-element elementor-element-4dbb1ce elementor-widget elementor-widget-text-editor\" data-id=\"4dbb1ce\" data-element_type=\"widget\" data-e-type=\"widget\" data-widget_type=\"text-editor.default\">\n\t\t\t\t<div class=\"elementor-widget-container\">\n\t\t\t\t\t\t\t\t\t<p><strong>Marquee :<\/strong><\/p><p>White 6 * 9 meter marquee with 4 opaque side panels. Possibility of opening a side panel at the level of the ridge to place a second tent in the prolongation of the first. Galvanised steel structure, PVC tarpaulin 650gr\/m\u00b2 fireproof M2. Optional concrete ballast on the ground (5\u20ac\/base).<\/p><p>La location d&rsquo;un montant de 400\u20ac comprend :<\/p><div><ul><li>Installation and dismantling by 1 member of our team and 3 people (minimum) to be provided by the hirer.<\/li><li style=\"text-align: left;\">Maximum 36 hours rental. For a longer rental period, please contact info@ecoraceevent.be<\/li><li style=\"text-align: left;\">Delivery within a radius of 15 km from Verviers (Beyond 20 km -&gt; 0,20\u20ac \/ km)<\/li><\/ul><\/div>\t\t\t\t\t\t\t\t<\/div>\n\t\t\t\t<\/div>\n\t\t\t\t\t<\/div>\n\t\t<\/div>\n\t\t\t\t\t<\/div>\n\t\t<\/section>\n\t\t\t\t<section class=\"elementor-section elementor-top-section elementor-element elementor-element-269f2a6 elementor-section-boxed elementor-section-height-default elementor-section-height-default\" data-id=\"269f2a6\" data-element_type=\"section\" data-e-type=\"section\">\n\t\t\t\t\t\t<div class=\"elementor-container elementor-column-gap-default\">\n\t\t\t\t\t<div class=\"elementor-column elementor-col-50 elementor-top-column elementor-element elementor-element-56ba4f8\" data-id=\"56ba4f8\" data-element_type=\"column\" data-e-type=\"column\">\n\t\t\t<div class=\"elementor-widget-wrap elementor-element-populated\">\n\t\t\t\t\t\t<div class=\"elementor-element elementor-element-7b67548 elementor-widget elementor-widget-image\" data-id=\"7b67548\" data-element_type=\"widget\" data-e-type=\"widget\" data-widget_type=\"image.default\">\n\t\t\t\t<div class=\"elementor-widget-container\">\n\t\t\t\t\t\t\t\t\t\t\t\t\t\t\t<img decoding=\"async\" width=\"768\" height=\"512\" src=\"https:\/\/ecoraceevent.be\/wp-content\/uploads\/2022\/01\/ECO-SWIM-RUN-GILEPPE-2021-OK-32-768x512.jpg\" class=\"attachment-medium_large size-medium_large wp-image-1094\" alt=\"\" srcset=\"https:\/\/ecoraceevent.be\/wp-content\/uploads\/2022\/01\/ECO-SWIM-RUN-GILEPPE-2021-OK-32-768x512.jpg 768w, https:\/\/ecoraceevent.be\/wp-content\/uploads\/2022\/01\/ECO-SWIM-RUN-GILEPPE-2021-OK-32-300x200.jpg 300w, https:\/\/ecoraceevent.be\/wp-content\/uploads\/2022\/01\/ECO-SWIM-RUN-GILEPPE-2021-OK-32-1024x683.jpg 1024w, https:\/\/ecoraceevent.be\/wp-content\/uploads\/2022\/01\/ECO-SWIM-RUN-GILEPPE-2021-OK-32-1620x1080.jpg 1620w\" sizes=\"(max-width: 768px) 100vw, 768px\" \/>\t\t\t\t\t\t\t\t\t\t\t\t\t\t\t<\/div>\n\t\t\t\t<\/div>\n\t\t\t\t\t<\/div>\n\t\t<\/div>\n\t\t\t\t<div class=\"elementor-column elementor-col-50 elementor-top-column elementor-element elementor-element-4171478\" data-id=\"4171478\" data-element_type=\"column\" data-e-type=\"column\">\n\t\t\t<div class=\"elementor-widget-wrap elementor-element-populated\">\n\t\t\t\t\t\t<div class=\"elementor-element elementor-element-8f38eef elementor-widget elementor-widget-image\" data-id=\"8f38eef\" data-element_type=\"widget\" data-e-type=\"widget\" data-widget_type=\"image.default\">\n\t\t\t\t<div class=\"elementor-widget-container\">\n\t\t\t\t\t\t\t\t\t\t\t\t\t\t\t<img decoding=\"async\" width=\"1024\" height=\"683\" src=\"https:\/\/ecoraceevent.be\/wp-content\/uploads\/2022\/01\/DSC03069-1024x683.jpg\" class=\"attachment-large size-large wp-image-1095\" alt=\"\" srcset=\"https:\/\/ecoraceevent.be\/wp-content\/uploads\/2022\/01\/DSC03069-1024x683.jpg 1024w, https:\/\/ecoraceevent.be\/wp-content\/uploads\/2022\/01\/DSC03069-300x200.jpg 300w, https:\/\/ecoraceevent.be\/wp-content\/uploads\/2022\/01\/DSC03069-768x512.jpg 768w, https:\/\/ecoraceevent.be\/wp-content\/uploads\/2022\/01\/DSC03069-1619x1080.jpg 1619w, https:\/\/ecoraceevent.be\/wp-content\/uploads\/2022\/01\/DSC03069.jpg 2048w\" sizes=\"(max-width: 1024px) 100vw, 1024px\" \/>\t\t\t\t\t\t\t\t\t\t\t\t\t\t\t<\/div>\n\t\t\t\t<\/div>\n\t\t\t\t\t<\/div>\n\t\t<\/div>\n\t\t\t\t\t<\/div>\n\t\t<\/section>\n\t\t\t\t<section class=\"elementor-section elementor-top-section elementor-element elementor-element-44c68c8 elementor-section-boxed elementor-section-height-default elementor-section-height-default\" data-id=\"44c68c8\" data-element_type=\"section\" data-e-type=\"section\">\n\t\t\t\t\t\t<div class=\"elementor-container elementor-column-gap-default\">\n\t\t\t\t\t<div class=\"elementor-column elementor-col-100 elementor-top-column elementor-element elementor-element-7e02145\" data-id=\"7e02145\" data-element_type=\"column\" data-e-type=\"column\">\n\t\t\t<div class=\"elementor-widget-wrap elementor-element-populated\">\n\t\t\t\t\t\t<div class=\"elementor-element elementor-element-46734e8 elementor-widget elementor-widget-text-editor\" data-id=\"46734e8\" data-element_type=\"widget\" data-e-type=\"widget\" data-widget_type=\"text-editor.default\">\n\t\t\t\t<div class=\"elementor-widget-container\">\n\t\t\t\t\t\t\t\t\t<div><strong>Arbour :<\/strong><\/div><div><strong>\u00a0<\/strong><\/div><div>Folding arbour of 3 * 3 metres in white PVC fabric. 4 white opaque sides, 1 with a door. Ideal for a long exposure to the rain. Aluminium structure 40mm, PVC canvas 500gr\/m\u00b2 fireproof M2<\/div><div>\u00a0<\/div><div><p>The rental fee of 100\u20ac includes :<\/p><div><ul><li>Installation and dismantling by 1 member of our team and 1 person (minimum) to be provided by the hirer.<\/li><li style=\"text-align: left;\">Delivery within a radius of 15 km from Verviers (Beyond 20 km -&gt; 0,20\u20ac \/ km)<\/li><\/ul><\/div><\/div>\t\t\t\t\t\t\t\t<\/div>\n\t\t\t\t<\/div>\n\t\t\t\t\t<\/div>\n\t\t<\/div>\n\t\t\t\t\t<\/div>\n\t\t<\/section>\n\t\t\t\t<section class=\"elementor-section elementor-top-section elementor-element elementor-element-1be93de elementor-section-boxed elementor-section-height-default elementor-section-height-default\" data-id=\"1be93de\" data-element_type=\"section\" data-e-type=\"section\">\n\t\t\t\t\t\t<div class=\"elementor-container elementor-column-gap-default\">\n\t\t\t\t\t<div class=\"elementor-column elementor-col-100 elementor-top-column elementor-element elementor-element-aabd48f\" data-id=\"aabd48f\" data-element_type=\"column\" data-e-type=\"column\">\n\t\t\t<div class=\"elementor-widget-wrap elementor-element-populated\">\n\t\t\t\t\t\t<div class=\"elementor-element elementor-element-671a53a elementor-widget elementor-widget-image\" data-id=\"671a53a\" data-element_type=\"widget\" data-e-type=\"widget\" data-widget_type=\"image.default\">\n\t\t\t\t<div class=\"elementor-widget-container\">\n\t\t\t\t\t\t\t\t\t\t\t\t\t\t\t<img loading=\"lazy\" decoding=\"async\" width=\"300\" height=\"225\" src=\"https:\/\/ecoraceevent.be\/wp-content\/uploads\/2022\/01\/Tonnelle-journ\u00e9e-de-la-mobilit\u00e9-300x225.jpg\" class=\"attachment-medium size-medium wp-image-1096\" alt=\"\" srcset=\"https:\/\/ecoraceevent.be\/wp-content\/uploads\/2022\/01\/Tonnelle-journ\u00e9e-de-la-mobilit\u00e9-300x225.jpg 300w, https:\/\/ecoraceevent.be\/wp-content\/uploads\/2022\/01\/Tonnelle-journ\u00e9e-de-la-mobilit\u00e9-768x576.jpg 768w, https:\/\/ecoraceevent.be\/wp-content\/uploads\/2022\/01\/Tonnelle-journ\u00e9e-de-la-mobilit\u00e9-1024x768.jpg 1024w, https:\/\/ecoraceevent.be\/wp-content\/uploads\/2022\/01\/Tonnelle-journ\u00e9e-de-la-mobilit\u00e9-1440x1080.jpg 1440w\" sizes=\"(max-width: 300px) 100vw, 300px\" \/>\t\t\t\t\t\t\t\t\t\t\t\t\t\t\t<\/div>\n\t\t\t\t<\/div>\n\t\t\t\t\t<\/div>\n\t\t<\/div>\n\t\t\t\t\t<\/div>\n\t\t<\/section>\n\t\t\t\t<section class=\"elementor-section elementor-top-section elementor-element elementor-element-0d15041 elementor-section-boxed elementor-section-height-default elementor-section-height-default\" data-id=\"0d15041\" data-element_type=\"section\" data-e-type=\"section\">\n\t\t\t\t\t\t<div class=\"elementor-container elementor-column-gap-default\">\n\t\t\t\t\t<div class=\"elementor-column elementor-col-100 elementor-top-column elementor-element elementor-element-962fe8b\" data-id=\"962fe8b\" data-element_type=\"column\" data-e-type=\"column\">\n\t\t\t<div class=\"elementor-widget-wrap elementor-element-populated\">\n\t\t\t\t\t\t<div class=\"elementor-element elementor-element-d8f5a55 elementor-widget elementor-widget-text-editor\" data-id=\"d8f5a55\" data-element_type=\"widget\" data-e-type=\"widget\" data-widget_type=\"text-editor.default\">\n\t\t\t\t<div class=\"elementor-widget-container\">\n\t\t\t\t\t\t\t\t\t<div><strong>Sonorisation :<\/strong><\/div><div><strong>\u00a0<\/strong><\/div><div>Trois baffles, deux pieds, deux micros ainsi que le c\u00e2blage lou\u00e9 au forfait de 250\u20ac<\/div><div>\u00a0<\/div><div><div><ul><li>Installation par le locataire.<\/li><li style=\"text-align: left;\">La livraison dans un rayon de 15 km depuis Verviers (Au del\u00e0 de 20 km &#8211;&gt; 0,20\u20ac \/ km<\/li><\/ul><\/div><\/div>\t\t\t\t\t\t\t\t<\/div>\n\t\t\t\t<\/div>\n\t\t\t\t\t<\/div>\n\t\t<\/div>\n\t\t\t\t\t<\/div>\n\t\t<\/section>\n\t\t\t\t<section class=\"elementor-section elementor-top-section elementor-element elementor-element-07dc210 elementor-section-boxed elementor-section-height-default elementor-section-height-default\" data-id=\"07dc210\" data-element_type=\"section\" data-e-type=\"section\">\n\t\t\t\t\t\t<div class=\"elementor-container elementor-column-gap-default\">\n\t\t\t\t\t<div class=\"elementor-column elementor-col-100 elementor-top-column elementor-element elementor-element-41d1095\" data-id=\"41d1095\" data-element_type=\"column\" data-e-type=\"column\">\n\t\t\t<div class=\"elementor-widget-wrap elementor-element-populated\">\n\t\t\t\t\t\t<div class=\"elementor-element elementor-element-a957598 elementor-widget elementor-widget-text-editor\" data-id=\"a957598\" data-element_type=\"widget\" data-e-type=\"widget\" data-widget_type=\"text-editor.default\">\n\t\t\t\t<div class=\"elementor-widget-container\">\n\t\t\t\t\t\t\t\t\t<p><strong>Reusable cups :<\/strong><\/p><p>To be picked up by yourself or delivered to your event. In order to meet the needs of organisers who wish to hire reusable cups, we offer two types of cup:<\/p><ul><li style=\"text-align: left;\">ECO 18 translucent cups with a useful capacity of 15 cl for your refreshments (1200 pieces)<\/li><li style=\"text-align: left;\">ECO 30 blue cups with a useful capacity of 25 cl for the bar (900 pieces)<\/li><\/ul><p>The rental fee of 0.16\u20ac per cup includes<\/p><ul><li style=\"text-align: left;\">Washing used cups<\/li><li style=\"text-align: left;\">Delivery within a radius of 15 km from Verviers (Beyond 20 km -&gt; 0,20\u20ac \/ km)<\/li><\/ul><p>Cups damaged or not returned will be charged 0.70 \u20ac<\/p><p>To obtain a precise quote and check availability, write to us at info@ecoraceevent.be specifying the type and number of cups required, your invoicing details (50% deposit at the time of order) and your choice of collection from Verviers or delivery. For delivery, do not forget to mention the exact address of your event.<\/p>\t\t\t\t\t\t\t\t<\/div>\n\t\t\t\t<\/div>\n\t\t\t\t\t<\/div>\n\t\t<\/div>\n\t\t\t\t\t<\/div>\n\t\t<\/section>\n\t\t\t\t<section class=\"elementor-section elementor-top-section elementor-element elementor-element-2ba044d elementor-section-boxed elementor-section-height-default elementor-section-height-default\" data-id=\"2ba044d\" data-element_type=\"section\" data-e-type=\"section\">\n\t\t\t\t\t\t<div class=\"elementor-container elementor-column-gap-default\">\n\t\t\t\t\t<div class=\"elementor-column elementor-col-50 elementor-top-column elementor-element elementor-element-0428548\" data-id=\"0428548\" data-element_type=\"column\" data-e-type=\"column\">\n\t\t\t<div class=\"elementor-widget-wrap elementor-element-populated\">\n\t\t\t\t\t\t<div class=\"elementor-element elementor-element-1711ef2 elementor-widget elementor-widget-image\" data-id=\"1711ef2\" data-element_type=\"widget\" data-e-type=\"widget\" data-widget_type=\"image.default\">\n\t\t\t\t<div class=\"elementor-widget-container\">\n\t\t\t\t\t\t\t\t\t\t\t\t\t\t\t<img loading=\"lazy\" decoding=\"async\" width=\"1024\" height=\"578\" src=\"https:\/\/ecoraceevent.be\/wp-content\/uploads\/2022\/01\/20220124_220906-1024x578.jpg\" class=\"attachment-large size-large wp-image-1098\" alt=\"\" srcset=\"https:\/\/ecoraceevent.be\/wp-content\/uploads\/2022\/01\/20220124_220906-1024x578.jpg 1024w, https:\/\/ecoraceevent.be\/wp-content\/uploads\/2022\/01\/20220124_220906-300x169.jpg 300w, https:\/\/ecoraceevent.be\/wp-content\/uploads\/2022\/01\/20220124_220906-768x434.jpg 768w, https:\/\/ecoraceevent.be\/wp-content\/uploads\/2022\/01\/20220124_220906.jpg 1440w\" sizes=\"(max-width: 1024px) 100vw, 1024px\" \/>\t\t\t\t\t\t\t\t\t\t\t\t\t\t\t<\/div>\n\t\t\t\t<\/div>\n\t\t\t\t\t<\/div>\n\t\t<\/div>\n\t\t\t\t<div class=\"elementor-column elementor-col-50 elementor-top-column elementor-element elementor-element-4721e28\" data-id=\"4721e28\" data-element_type=\"column\" data-e-type=\"column\">\n\t\t\t<div class=\"elementor-widget-wrap elementor-element-populated\">\n\t\t\t\t\t\t<div class=\"elementor-element elementor-element-cb4d82c elementor-widget elementor-widget-image\" data-id=\"cb4d82c\" data-element_type=\"widget\" data-e-type=\"widget\" data-widget_type=\"image.default\">\n\t\t\t\t<div class=\"elementor-widget-container\">\n\t\t\t\t\t\t\t\t\t\t\t\t\t\t\t<img loading=\"lazy\" decoding=\"async\" width=\"1024\" height=\"715\" src=\"https:\/\/ecoraceevent.be\/wp-content\/uploads\/2022\/01\/20220124_220812-1024x715.jpg\" class=\"attachment-large size-large wp-image-1097\" alt=\"\" srcset=\"https:\/\/ecoraceevent.be\/wp-content\/uploads\/2022\/01\/20220124_220812-1024x715.jpg 1024w, https:\/\/ecoraceevent.be\/wp-content\/uploads\/2022\/01\/20220124_220812-300x209.jpg 300w, https:\/\/ecoraceevent.be\/wp-content\/uploads\/2022\/01\/20220124_220812-768x536.jpg 768w, https:\/\/ecoraceevent.be\/wp-content\/uploads\/2022\/01\/20220124_220812.jpg 1440w\" sizes=\"(max-width: 1024px) 100vw, 1024px\" \/>\t\t\t\t\t\t\t\t\t\t\t\t\t\t\t<\/div>\n\t\t\t\t<\/div>\n\t\t\t\t\t<\/div>\n\t\t<\/div>\n\t\t\t\t\t<\/div>\n\t\t<\/section>\n\t\t\t\t<\/div>","protected":false},"excerpt":{"rendered":"<p>EcoRaceEvent vous propose un service de location de mat\u00e9riel \u00e9v\u00e9nementiel. Le mat\u00e9riel (hors gobelets) doit \u00eatre retourn\u00e9 en ordre, propre et sec. Les montants affich\u00e9s sont hors TVA Renseignements sur la disponibilit\u00e9 et la location \u00e0 info@ecoraceevent.be.\u00a0 Combinaison n\u00e9opr\u00e8ne : Nous proposons \u00e0 la location pour nos courses des combinaisons sp\u00e9cial Swimrun de la marque&hellip; <br \/> <a class=\"read-more\" href=\"https:\/\/ecoraceevent.be\/en\/location-gobelets\/\">Read more<\/a><\/p>","protected":false},"author":1,"featured_media":0,"parent":0,"menu_order":0,"comment_status":"closed","ping_status":"closed","template":"","meta":{"footnotes":""},"class_list":["post-814","page","type-page","status-publish","hentry"],"_links":{"self":[{"href":"https:\/\/ecoraceevent.be\/en\/wp-json\/wp\/v2\/pages\/814","targetHints":{"allow":["GET"]}}],"collection":[{"href":"https:\/\/ecoraceevent.be\/en\/wp-json\/wp\/v2\/pages"}],"about":[{"href":"https:\/\/ecoraceevent.be\/en\/wp-json\/wp\/v2\/types\/page"}],"author":[{"embeddable":true,"href":"https:\/\/ecoraceevent.be\/en\/wp-json\/wp\/v2\/users\/1"}],"replies":[{"embeddable":true,"href":"https:\/\/ecoraceevent.be\/en\/wp-json\/wp\/v2\/comments?post=814"}],"version-history":[{"count":45,"href":"https:\/\/ecoraceevent.be\/en\/wp-json\/wp\/v2\/pages\/814\/revisions"}],"predecessor-version":[{"id":214232,"href":"https:\/\/ecoraceevent.be\/en\/wp-json\/wp\/v2\/pages\/814\/revisions\/214232"}],"wp:attachment":[{"href":"https:\/\/ecoraceevent.be\/en\/wp-json\/wp\/v2\/media?parent=814"}],"curies":[{"name":"wp","href":"https:\/\/api.w.org\/{rel}","templated":true}]}}